{"id":1393,"date":"2026-04-17T21:04:43","date_gmt":"2026-04-17T21:04:43","guid":{"rendered":"https:\/\/signalimmo.com\/?page_id=1393"},"modified":"2026-04-17T21:07:29","modified_gmt":"2026-04-17T21:07:29","slug":"conditions-generales-de-ventes","status":"publish","type":"page","link":"https:\/\/signalimmo.com\/index.php\/conditions-generales-de-ventes\/","title":{"rendered":"Conditions g\u00e9n\u00e9rales de ventes"},"content":{"rendered":"<div class=\"fusion-fullwidth fullwidth-box fusion-builder-row-1 fusion-flex-container nonhundred-percent-fullwidth non-hundred-percent-height-scrolling\" style=\"--awb-border-radius-top-left:0px;--awb-border-radius-top-right:0px;--awb-border-radius-bottom-right:0px;--awb-border-radius-bottom-left:0px;--awb-flex-wrap:wrap;\" ><div class=\"fusion-builder-row fusion-row fusion-flex-align-items-flex-start fusion-flex-content-wrap\" style=\"max-width:1206.4px;margin-left: calc(-4% \/ 2 );margin-right: calc(-4% \/ 2 );\"><div class=\"fusion-layout-column fusion_builder_column fusion-builder-column-0 fusion_builder_column_1_1 1_1 fusion-flex-column\" style=\"--awb-bg-size:cover;--awb-width-large:100%;--awb-margin-top-large:0px;--awb-spacing-right-large:1.92%;--awb-margin-bottom-large:0px;--awb-spacing-left-large:1.92%;--awb-width-medium:100%;--awb-spacing-right-medium:1.92%;--awb-spacing-left-medium:1.92%;--awb-width-small:100%;--awb-spacing-right-small:1.92%;--awb-spacing-left-small:1.92%;\"><div class=\"fusion-column-wrapper fusion-flex-justify-content-flex-start fusion-content-layout-column\"><div class=\"fusion-text fusion-text-1\"><h1 style=\"text-align: center;\" data-section-id=\"lq4pm2\" data-start=\"327\" data-end=\"380\">Conditions G\u00e9n\u00e9rales de Vente (CGV) \u2013 SignalImmo<\/h1>\n<h2 data-section-id=\"daf6cx\" data-start=\"382\" data-end=\"418\">1. Identification de l\u2019entreprise<\/h2>\n<p data-start=\"420\" data-end=\"599\">Le site <strong data-start=\"428\" data-end=\"442\">SignalImmo<\/strong> est \u00e9dit\u00e9 par :<br data-start=\"458\" data-end=\"461\" \/><strong data-start=\"461\" data-end=\"493\">Florent MOULIN<\/strong><br data-start=\"493\" data-end=\"496\" \/>Statut : Micro-entrepreneur<br data-start=\"523\" data-end=\"526\" \/>SIRET : 793 138 298 00039<br data-start=\"547\" data-end=\"550\" \/>Adresse : 52B rue de la convention 94270 Le Kremlin Bic\u00eatre<br data-start=\"573\" data-end=\"576\" \/>Email : florent@signalimmo.com<\/p>\n<hr data-start=\"601\" data-end=\"604\" \/>\n<h2 data-section-id=\"wq75in\" data-start=\"606\" data-end=\"617\">2. Objet<\/h2>\n<p data-start=\"619\" data-end=\"825\">Les pr\u00e9sentes CGV ont pour objet de d\u00e9finir les conditions dans lesquelles <strong data-start=\"694\" data-end=\"708\">SignalImmo<\/strong> vend des <strong data-start=\"718\" data-end=\"787\">donn\u00e9es immobili\u00e8res (adresses de biens en vente)<\/strong> \u00e0 des professionnels de l\u2019immobilier.<\/p>\n<hr data-start=\"827\" data-end=\"830\" \/>\n<h2 data-section-id=\"1gr7kb1\" data-start=\"832\" data-end=\"855\">3. Nature du service<\/h2>\n<p data-start=\"857\" data-end=\"877\">SignalImmo propose :<\/p>\n<ul data-start=\"879\" data-end=\"1062\">\n<li data-section-id=\"p9gmyl\" data-start=\"879\" data-end=\"930\">La fourniture <strong data-start=\"895\" data-end=\"930\">d\u2019adresses de biens immobiliers<\/strong><\/li>\n<li data-section-id=\"1uk5aai\" data-start=\"931\" data-end=\"997\">Ces biens sont identifi\u00e9s comme <strong data-start=\"965\" data-end=\"997\">susceptibles d\u2019\u00eatre en vente<\/strong><\/li>\n<li data-section-id=\"5ftd30\" data-start=\"998\" data-end=\"1062\">Les donn\u00e9es sont issues d\u2019un travail de recherche et d\u2019analyse<\/li>\n<\/ul>\n<p data-start=\"1064\" data-end=\"1150\">\u26a0\ufe0f Important :<br data-start=\"1078\" data-end=\"1081\" \/>SignalImmo <strong data-start=\"1092\" data-end=\"1119\">ne fournit pas de leads<\/strong>, ni de contacts propri\u00e9taires.<\/p>\n<hr data-start=\"1152\" data-end=\"1155\" \/>\n<h2 data-section-id=\"1bi0ldu\" data-start=\"1157\" data-end=\"1191\">4. Limitation de responsabilit\u00e9<\/h2>\n<p data-start=\"1193\" data-end=\"1249\">SignalImmo s\u2019engage \u00e0 fournir un travail s\u00e9rieux, mais :<\/p>\n<ul data-start=\"1251\" data-end=\"1400\">\n<li data-section-id=\"e0vrtz\" data-start=\"1251\" data-end=\"1303\">Ne garantit pas que le bien soit encore disponible<\/li>\n<li data-section-id=\"1bpqjki\" data-start=\"1304\" data-end=\"1359\">Ne garantit pas que le propri\u00e9taire accepte un mandat<\/li>\n<li data-section-id=\"w7ol7l\" data-start=\"1360\" data-end=\"1400\">Ne garantit pas la conversion en vente<\/li>\n<\/ul>\n<p data-start=\"1402\" data-end=\"1466\">\ud83d\udc49 Le client est seul responsable de sa prospection commerciale.<\/p>\n<hr data-start=\"1468\" data-end=\"1471\" \/>\n<h2 data-section-id=\"zmi8fw\" data-start=\"1473\" data-end=\"1497\">5. Conditions d\u2019achat<\/h2>\n<p data-start=\"1499\" data-end=\"1526\">Les offres propos\u00e9es sont :<\/p>\n<ul data-start=\"1528\" data-end=\"1591\">\n<li data-section-id=\"1oq0ttv\" data-start=\"1528\" data-end=\"1573\">Pack de 10 adresses \u00e0 99\u20ac<\/li>\n<li data-section-id=\"1g1n4fo\" data-start=\"1574\" data-end=\"1591\">Paiement unique<\/li>\n<\/ul>\n<p data-start=\"1593\" data-end=\"1614\">Le paiement se fait :<\/p>\n<ul data-start=\"1616\" data-end=\"1679\">\n<li data-section-id=\"1jn40vi\" data-start=\"1616\" data-end=\"1653\">En ligne via stripe (CB, etc.)<\/li>\n<li data-section-id=\"lahq3w\" data-start=\"1654\" data-end=\"1679\">Ou via lien de paiement<\/li>\n<\/ul>\n<hr data-start=\"1681\" data-end=\"1684\" \/>\n<h2 data-section-id=\"bpjnqe\" data-start=\"1686\" data-end=\"1701\">6. Livraison<\/h2>\n<ul data-start=\"1703\" data-end=\"1799\">\n<li data-section-id=\"opjwu9\" data-start=\"1703\" data-end=\"1754\">Les adresses sont livr\u00e9es sous <strong data-start=\"1736\" data-end=\"1754\">48 \u00e0 72 heures<\/strong><\/li>\n<li data-section-id=\"1wcdhlb\" data-start=\"1755\" data-end=\"1799\">Format : PDF \/ message \/ carte Google Maps<\/li>\n<\/ul>\n<hr data-start=\"1801\" data-end=\"1804\" \/>\n<h2 data-section-id=\"2dnc87\" data-start=\"1806\" data-end=\"1829\">7. Zone g\u00e9ographique<\/h2>\n<ul data-start=\"1831\" data-end=\"1934\">\n<li data-section-id=\"11poy3f\" data-start=\"1831\" data-end=\"1934\">Les adresses sont situ\u00e9es dans un rayon maximum de <strong data-start=\"1884\" data-end=\"1893\">30 km<\/strong> autour de la zone indiqu\u00e9e par le client<\/li>\n<\/ul>\n<hr data-start=\"1936\" data-end=\"1939\" \/>\n<h2 data-section-id=\"4yv1v9\" data-start=\"1941\" data-end=\"1972\">8. Exclusivit\u00e9 et limitation<\/h2>\n<ul data-start=\"1974\" data-end=\"2113\">\n<li data-section-id=\"szukx4\" data-start=\"1974\" data-end=\"2026\">Chaque adresse peut \u00eatre vendue <strong data-start=\"2008\" data-end=\"2026\">maximum 3 fois<\/strong><\/li>\n<li data-section-id=\"10xl8p9\" data-start=\"2027\" data-end=\"2078\">SignalImmo ne garantit pas une exclusivit\u00e9 totale<\/li>\n<li data-section-id=\"18ylukz\" data-start=\"2079\" data-end=\"2113\">La disponibilit\u00e9 d\u00e9pend du stock<\/li>\n<\/ul>\n<p data-start=\"2115\" data-end=\"2209\">\ud83d\udc49 Possibilit\u00e9 de proposer plus tard une offre premium exclusive<\/p>\n<hr data-start=\"2211\" data-end=\"2214\" \/>\n<h2 data-section-id=\"v7sotd\" data-start=\"2216\" data-end=\"2243\">9. Droit de r\u00e9tractation<\/h2>\n<p data-start=\"2245\" data-end=\"2306\">Conform\u00e9ment \u00e0 l\u2019article L221-28 du Code de la consommation :<\/p>\n<p data-start=\"2308\" data-end=\"2416\">\u274c Aucun droit de r\u00e9tractation ne s\u2019applique<br data-start=\"2351\" data-end=\"2354\" \/>\ud83d\udc49 Car il s\u2019agit de <strong data-start=\"2374\" data-end=\"2416\">contenu num\u00e9rique fourni imm\u00e9diatement<\/strong><\/p>\n<hr data-start=\"2418\" data-end=\"2421\" \/>\n<h2 data-section-id=\"yam7by\" data-start=\"2423\" data-end=\"2443\">10. Remboursement<\/h2>\n<p data-start=\"2445\" data-end=\"2483\">Aucun remboursement ne sera effectu\u00e9 :<\/p>\n<ul data-start=\"2485\" data-end=\"2564\">\n<li data-section-id=\"12vxicg\" data-start=\"2485\" data-end=\"2519\">Une fois les adresses transmises<\/li>\n<li data-section-id=\"8ufd3h\" data-start=\"2520\" data-end=\"2564\">Sauf erreur manifeste (ex : mauvaise zone)<\/li>\n<\/ul>\n<hr data-start=\"2566\" data-end=\"2569\" \/>\n<h2 data-section-id=\"1l0vejm\" data-start=\"2571\" data-end=\"2599\">11. Obligations du client<\/h2>\n<p data-start=\"2601\" data-end=\"2623\">Le client s\u2019engage \u00e0 :<\/p>\n<ul data-start=\"2625\" data-end=\"2722\">\n<li data-section-id=\"qpz8aa\" data-start=\"2625\" data-end=\"2667\">Utiliser les donn\u00e9es dans un cadre l\u00e9gal<\/li>\n<li data-section-id=\"10zmbux\" data-start=\"2668\" data-end=\"2722\">Respecter la r\u00e9glementation (RGPD, d\u00e9marchage, etc.)<\/li>\n<\/ul>\n<hr data-start=\"2724\" data-end=\"2727\" \/>\n<h2 data-section-id=\"evjjjf\" data-start=\"2729\" data-end=\"2760\">12. Propri\u00e9t\u00e9 intellectuelle<\/h2>\n<p data-start=\"2762\" data-end=\"2818\">Les donn\u00e9es fournies restent la propri\u00e9t\u00e9 de SignalImmo.<\/p>\n<p data-start=\"2820\" data-end=\"2839\">\u274c Interdiction de :<\/p>\n<ul data-start=\"2840\" data-end=\"2891\">\n<li data-section-id=\"zc9l8v\" data-start=\"2840\" data-end=\"2863\">Revendre les adresses<\/li>\n<li data-section-id=\"gjc43j\" data-start=\"2864\" data-end=\"2891\">Les diffuser publiquement<\/li>\n<\/ul>\n<hr data-start=\"2893\" data-end=\"2896\" \/>\n<h2 data-section-id=\"w3j0qd\" data-start=\"2898\" data-end=\"2925\">13. Donn\u00e9es personnelles<\/h2>\n<p data-start=\"2927\" data-end=\"2993\">SignalImmo collecte uniquement les donn\u00e9es n\u00e9cessaires \u00e0 la vente.<\/p>\n<p data-start=\"2995\" data-end=\"3032\">Les donn\u00e9es ne sont jamais revendues.<\/p>\n<hr data-start=\"3034\" data-end=\"3037\" \/>\n<h2 data-section-id=\"195di5j\" data-start=\"3039\" data-end=\"3053\">14. Litiges<\/h2>\n<p data-start=\"3055\" data-end=\"3073\">En cas de litige :<\/p>\n<ul data-start=\"3075\" data-end=\"3152\">\n<li data-section-id=\"1n0ju5c\" data-start=\"3075\" data-end=\"3108\">Tentative de r\u00e9solution amiable<\/li>\n<li data-section-id=\"1mfyy0y\" data-start=\"3109\" data-end=\"3152\">Tribunal comp\u00e9tent : Kremlin Bic\u00eatre<\/li>\n<\/ul>\n<\/div><\/div><\/div><\/div><\/div>\n","protected":false},"excerpt":{"rendered":"","protected":false},"author":1,"featured_media":0,"parent":0,"menu_order":0,"comment_status":"closed","ping_status":"open","template":"","meta":{"footnotes":""},"class_list":["post-1393","page","type-page","status-publish","hentry"],"_links":{"self":[{"href":"https:\/\/signalimmo.com\/index.php\/wp-json\/wp\/v2\/pages\/1393","targetHints":{"allow":["GET"]}}],"collection":[{"href":"https:\/\/signalimmo.com\/index.php\/wp-json\/wp\/v2\/pages"}],"about":[{"href":"https:\/\/signalimmo.com\/index.php\/wp-json\/wp\/v2\/types\/page"}],"author":[{"embeddable":true,"href":"https:\/\/signalimmo.com\/index.php\/wp-json\/wp\/v2\/users\/1"}],"replies":[{"embeddable":true,"href":"https:\/\/signalimmo.com\/index.php\/wp-json\/wp\/v2\/comments?post=1393"}],"version-history":[{"count":1,"href":"https:\/\/signalimmo.com\/index.php\/wp-json\/wp\/v2\/pages\/1393\/revisions"}],"predecessor-version":[{"id":1394,"href":"https:\/\/signalimmo.com\/index.php\/wp-json\/wp\/v2\/pages\/1393\/revisions\/1394"}],"wp:attachment":[{"href":"https:\/\/signalimmo.com\/index.php\/wp-json\/wp\/v2\/media?parent=1393"}],"curies":[{"name":"wp","href":"https:\/\/api.w.org\/{rel}","templated":true}]}}